{"id":12694,"date":"2023-07-31T11:35:29","date_gmt":"2023-07-31T11:35:29","guid":{"rendered":"https:\/\/bfmf-koeln.de\/goenuellueluek\/"},"modified":"2023-07-31T11:35:29","modified_gmt":"2023-07-31T11:35:29","slug":"goenuellueluek","status":"publish","type":"page","link":"https:\/\/bfmf-koeln.de\/tr\/goenuellueluek\/","title":{"rendered":"G\u00f6n\u00fcll\u00fcl\u00fck"},"content":{"rendered":"","protected":false},"excerpt":{"rendered":"","protected":false},"author":1,"featured_media":0,"parent":0,"menu_order":0,"comment_status":"closed","ping_status":"closed","template":"","meta":{"footnotes":""},"class_list":["post-12694","page","type-page","status-publish","hentry"],"_links":{"self":[{"href":"https:\/\/bfmf-koeln.de\/tr\/wp-json\/wp\/v2\/pages\/12694","targetHints":{"allow":["GET"]}}],"collection":[{"href":"https:\/\/bfmf-koeln.de\/tr\/wp-json\/wp\/v2\/pages"}],"about":[{"href":"https:\/\/bfmf-koeln.de\/tr\/wp-json\/wp\/v2\/types\/page"}],"author":[{"embeddable":true,"href":"https:\/\/bfmf-koeln.de\/tr\/wp-json\/wp\/v2\/users\/1"}],"replies":[{"embeddable":true,"href":"https:\/\/bfmf-koeln.de\/tr\/wp-json\/wp\/v2\/comments?post=12694"}],"version-history":[{"count":0,"href":"https:\/\/bfmf-koeln.de\/tr\/wp-json\/wp\/v2\/pages\/12694\/revisions"}],"wp:attachment":[{"href":"https:\/\/bfmf-koeln.de\/tr\/wp-json\/wp\/v2\/media?parent=12694"}],"curies":[{"name":"wp","href":"https:\/\/api.w.org\/{rel}","templated":true}]}}