{"id":12685,"date":"2023-07-28T22:37:50","date_gmt":"2023-07-28T22:37:50","guid":{"rendered":"https:\/\/bfmf-koeln.de\/boelgesel-muelteci-danismanligi\/"},"modified":"2023-07-28T22:37:50","modified_gmt":"2023-07-28T22:37:50","slug":"boelgesel-muelteci-danismanligi","status":"publish","type":"page","link":"https:\/\/bfmf-koeln.de\/tr\/boelgesel-muelteci-danismanligi\/","title":{"rendered":"B\u00f6lgesel M\u00fclteci Dan\u0131\u015fmanl\u0131\u011f\u0131"},"content":{"rendered":"","protected":false},"excerpt":{"rendered":"","protected":false},"author":2,"featured_media":0,"parent":0,"menu_order":0,"comment_status":"closed","ping_status":"closed","template":"","meta":{"footnotes":""},"class_list":["post-12685","page","type-page","status-publish","hentry"],"_links":{"self":[{"href":"https:\/\/bfmf-koeln.de\/tr\/wp-json\/wp\/v2\/pages\/12685","targetHints":{"allow":["GET"]}}],"collection":[{"href":"https:\/\/bfmf-koeln.de\/tr\/wp-json\/wp\/v2\/pages"}],"about":[{"href":"https:\/\/bfmf-koeln.de\/tr\/wp-json\/wp\/v2\/types\/page"}],"author":[{"embeddable":true,"href":"https:\/\/bfmf-koeln.de\/tr\/wp-json\/wp\/v2\/users\/2"}],"replies":[{"embeddable":true,"href":"https:\/\/bfmf-koeln.de\/tr\/wp-json\/wp\/v2\/comments?post=12685"}],"version-history":[{"count":0,"href":"https:\/\/bfmf-koeln.de\/tr\/wp-json\/wp\/v2\/pages\/12685\/revisions"}],"wp:attachment":[{"href":"https:\/\/bfmf-koeln.de\/tr\/wp-json\/wp\/v2\/media?parent=12685"}],"curies":[{"name":"wp","href":"https:\/\/api.w.org\/{rel}","templated":true}]}}