{"id":12682,"date":"2023-07-28T12:46:09","date_gmt":"2023-07-28T12:46:09","guid":{"rendered":"https:\/\/bfmf-koeln.de\/herkese-acik-guen\/"},"modified":"2023-07-28T12:46:09","modified_gmt":"2023-07-28T12:46:09","slug":"herkese-acik-guen","status":"publish","type":"page","link":"https:\/\/bfmf-koeln.de\/tr\/herkese-acik-guen\/","title":{"rendered":"Herkese A\u00e7\u0131k G\u00fcn"},"content":{"rendered":"","protected":false},"excerpt":{"rendered":"","protected":false},"author":1,"featured_media":0,"parent":0,"menu_order":0,"comment_status":"closed","ping_status":"closed","template":"","meta":{"footnotes":""},"class_list":["post-12682","page","type-page","status-publish","hentry"],"_links":{"self":[{"href":"https:\/\/bfmf-koeln.de\/tr\/wp-json\/wp\/v2\/pages\/12682","targetHints":{"allow":["GET"]}}],"collection":[{"href":"https:\/\/bfmf-koeln.de\/tr\/wp-json\/wp\/v2\/pages"}],"about":[{"href":"https:\/\/bfmf-koeln.de\/tr\/wp-json\/wp\/v2\/types\/page"}],"author":[{"embeddable":true,"href":"https:\/\/bfmf-koeln.de\/tr\/wp-json\/wp\/v2\/users\/1"}],"replies":[{"embeddable":true,"href":"https:\/\/bfmf-koeln.de\/tr\/wp-json\/wp\/v2\/comments?post=12682"}],"version-history":[{"count":0,"href":"https:\/\/bfmf-koeln.de\/tr\/wp-json\/wp\/v2\/pages\/12682\/revisions"}],"wp:attachment":[{"href":"https:\/\/bfmf-koeln.de\/tr\/wp-json\/wp\/v2\/media?parent=12682"}],"curies":[{"name":"wp","href":"https:\/\/api.w.org\/{rel}","templated":true}]}}