{"id":12550,"date":"2023-07-26T17:21:50","date_gmt":"2023-07-26T17:21:50","guid":{"rendered":"https:\/\/bfmf-koeln.de\/cocuk-boeluemue\/"},"modified":"2023-07-26T17:21:50","modified_gmt":"2023-07-26T17:21:50","slug":"cocuk-boeluemue","status":"publish","type":"page","link":"https:\/\/bfmf-koeln.de\/tr\/cocuk-boeluemue\/","title":{"rendered":"\u00c7ocuk b\u00f6l\u00fcm\u00fc"},"content":{"rendered":"","protected":false},"excerpt":{"rendered":"","protected":false},"author":1,"featured_media":0,"parent":0,"menu_order":0,"comment_status":"closed","ping_status":"closed","template":"","meta":{"footnotes":""},"class_list":["post-12550","page","type-page","status-publish","hentry"],"_links":{"self":[{"href":"https:\/\/bfmf-koeln.de\/tr\/wp-json\/wp\/v2\/pages\/12550","targetHints":{"allow":["GET"]}}],"collection":[{"href":"https:\/\/bfmf-koeln.de\/tr\/wp-json\/wp\/v2\/pages"}],"about":[{"href":"https:\/\/bfmf-koeln.de\/tr\/wp-json\/wp\/v2\/types\/page"}],"author":[{"embeddable":true,"href":"https:\/\/bfmf-koeln.de\/tr\/wp-json\/wp\/v2\/users\/1"}],"replies":[{"embeddable":true,"href":"https:\/\/bfmf-koeln.de\/tr\/wp-json\/wp\/v2\/comments?post=12550"}],"version-history":[{"count":0,"href":"https:\/\/bfmf-koeln.de\/tr\/wp-json\/wp\/v2\/pages\/12550\/revisions"}],"wp:attachment":[{"href":"https:\/\/bfmf-koeln.de\/tr\/wp-json\/wp\/v2\/media?parent=12550"}],"curies":[{"name":"wp","href":"https:\/\/api.w.org\/{rel}","templated":true}]}}