{"id":12495,"date":"2023-07-25T20:52:56","date_gmt":"2023-07-25T20:52:56","guid":{"rendered":"https:\/\/bfmf-koeln.de\/sg-ii-yardimi-alanlar-icin-oryantasyon-danismanligi\/"},"modified":"2023-07-25T20:52:56","modified_gmt":"2023-07-25T20:52:56","slug":"sg-ii-yardimi-alanlar-icin-oryantasyon-danismanligi","status":"publish","type":"page","link":"https:\/\/bfmf-koeln.de\/tr\/sg-ii-yardimi-alanlar-icin-oryantasyon-danismanligi\/","title":{"rendered":"SG II Yard\u0131m\u0131 Alanlar \u0130\u00e7in Oryantasyon Dan\u0131\u015fmanl\u0131\u011f\u0131"},"content":{"rendered":"","protected":false},"excerpt":{"rendered":"","protected":false},"author":1,"featured_media":0,"parent":0,"menu_order":0,"comment_status":"closed","ping_status":"closed","template":"","meta":{"footnotes":""},"class_list":["post-12495","page","type-page","status-publish","hentry"],"_links":{"self":[{"href":"https:\/\/bfmf-koeln.de\/tr\/wp-json\/wp\/v2\/pages\/12495","targetHints":{"allow":["GET"]}}],"collection":[{"href":"https:\/\/bfmf-koeln.de\/tr\/wp-json\/wp\/v2\/pages"}],"about":[{"href":"https:\/\/bfmf-koeln.de\/tr\/wp-json\/wp\/v2\/types\/page"}],"author":[{"embeddable":true,"href":"https:\/\/bfmf-koeln.de\/tr\/wp-json\/wp\/v2\/users\/1"}],"replies":[{"embeddable":true,"href":"https:\/\/bfmf-koeln.de\/tr\/wp-json\/wp\/v2\/comments?post=12495"}],"version-history":[{"count":0,"href":"https:\/\/bfmf-koeln.de\/tr\/wp-json\/wp\/v2\/pages\/12495\/revisions"}],"wp:attachment":[{"href":"https:\/\/bfmf-koeln.de\/tr\/wp-json\/wp\/v2\/media?parent=12495"}],"curies":[{"name":"wp","href":"https:\/\/api.w.org\/{rel}","templated":true}]}}